{"id":3427,"date":"2025-05-26T12:22:31","date_gmt":"2025-05-26T10:22:31","guid":{"rendered":"https:\/\/maszyny.skyweb.com.pl\/?page_id=3427"},"modified":"2025-06-03T16:55:13","modified_gmt":"2025-06-03T14:55:13","slug":"serwis","status":"publish","type":"page","link":"https:\/\/maszyny.skyweb.com.pl\/?page_id=3427","title":{"rendered":"Serwis"},"content":{"rendered":"\t\t<div data-elementor-type=\"wp-page\" data-elementor-id=\"3427\" class=\"elementor elementor-3427\" data-elementor-post-type=\"page\">\n\t\t\t\t<div class=\"elementor-element elementor-element-e006c72 e-con-full e-flex e-con e-parent\" data-id=\"e006c72\" data-element_type=\"container\" data-settings=\"{&quot;background_background&quot;:&quot;slideshow&quot;,&quot;background_slideshow_gallery&quot;:[{&quot;id&quot;:1815,&quot;url&quot;:&quot;https:\\\/\\\/maszyny.skyweb.com.pl\\\/wp-content\\\/uploads\\\/2025\\\/03\\\/slider_5.jpg&quot;},{&quot;id&quot;:1819,&quot;url&quot;:&quot;https:\\\/\\\/maszyny.skyweb.com.pl\\\/wp-content\\\/uploads\\\/2025\\\/03\\\/slider_6.jpg&quot;}],&quot;background_slideshow_slide_transition&quot;:&quot;slide_right&quot;,&quot;background_slideshow_lazyload&quot;:&quot;yes&quot;,&quot;background_slideshow_ken_burns&quot;:&quot;yes&quot;,&quot;background_slideshow_loop&quot;:&quot;yes&quot;,&quot;background_slideshow_slide_duration&quot;:5000,&quot;background_slideshow_transition_duration&quot;:500,&quot;background_slideshow_ken_burns_zoom_direction&quot;:&quot;in&quot;,&quot;ekit_has_onepagescroll_dot&quot;:&quot;yes&quot;}\">\n\t\t<div class=\"elementor-element elementor-element-dbba4d7 e-con-full e-flex e-con e-child\" data-id=\"dbba4d7\" data-element_type=\"container\" data-settings=\"{&quot;ekit_has_onepagescroll_dot&quot;:&quot;yes&quot;}\">\n\t\t<div class=\"elementor-element elementor-element-0ace1a1 e-con-full e-flex elementor-invisible e-con e-child\" data-id=\"0ace1a1\" data-element_type=\"container\" data-settings=\"{&quot;animation&quot;:&quot;fadeInRight&quot;,&quot;ekit_has_onepagescroll_dot&quot;:&quot;yes&quot;}\">\n\t\t\t\t<div class=\"elementor-element elementor-element-b7c8357 elementor-icon-list--layout-inline elementor-align-left elementor-mobile-align-left elementor-widget__width-initial elementor-list-item-link-full_width elementor-widget elementor-widget-icon-list\" data-id=\"b7c8357\" data-element_type=\"widget\" data-settings=\"{&quot;ekit_we_effect_on&quot;:&quot;none&quot;}\" data-widget_type=\"icon-list.default\">\n\t\t\t\t<div class=\"elementor-widget-container\">\n\t\t\t\t\t\t\t<ul class=\"elementor-icon-list-items elementor-inline-items\">\n\t\t\t\t\t\t\t<li class=\"elementor-icon-list-item elementor-inline-item\">\n\t\t\t\t\t\t\t\t\t\t\t<span class=\"elementor-icon-list-icon\">\n\t\t\t\t\t\t\t<svg aria-hidden=\"true\" class=\"e-font-icon-svg e-fas-arrow-right\" viewBox=\"0 0 448 512\" xmlns=\"http:\/\/www.w3.org\/2000\/svg\"><path d=\"M190.5 66.9l22.2-22.2c9.4-9.4 24.6-9.4 33.9 0L441 239c9.4 9.4 9.4 24.6 0 33.9L246.6 467.3c-9.4 9.4-24.6 9.4-33.9 0l-22.2-22.2c-9.5-9.5-9.3-25 .4-34.3L311.4 296H24c-13.3 0-24-10.7-24-24v-32c0-13.3 10.7-24 24-24h287.4L190.9 101.2c-9.8-9.3-10-24.8-.4-34.3z\"><\/path><\/svg>\t\t\t\t\t\t<\/span>\n\t\t\t\t\t\t\t\t\t\t<span class=\"elementor-icon-list-text\"><\/span>\n\t\t\t\t\t\t\t\t\t<\/li>\n\t\t\t\t\t\t<\/ul>\n\t\t\t\t\t\t<\/div>\n\t\t\t\t<\/div>\n\t\t\t\t<div class=\"elementor-element elementor-element-5c0021c elementor-widget-mobile__width-initial elementor-widget elementor-widget-heading\" data-id=\"5c0021c\" data-element_type=\"widget\" data-settings=\"{&quot;ekit_we_effect_on&quot;:&quot;none&quot;}\" data-widget_type=\"heading.default\">\n\t\t\t\t<div class=\"elementor-widget-container\">\n\t\t\t\t\t<h2 class=\"elementor-heading-title elementor-size-default\">zagnij wszystkich<\/h2>\t\t\t\t<\/div>\n\t\t\t\t<\/div>\n\t\t\t\t<\/div>\n\t\t\t\t<div class=\"elementor-element elementor-element-751ee19 elementor-widget__width-initial elementor-hidden-desktop elementor-hidden-tablet elementor-widget elementor-widget-heading\" data-id=\"751ee19\" data-element_type=\"widget\" data-settings=\"{&quot;ekit_we_effect_on&quot;:&quot;none&quot;}\" data-widget_type=\"heading.default\">\n\t\t\t\t<div class=\"elementor-widget-container\">\n\t\t\t\t\t<h2 class=\"elementor-heading-title elementor-size-default\">Serwis<\/h2>\t\t\t\t<\/div>\n\t\t\t\t<\/div>\n\t\t\t\t<div class=\"elementor-element elementor-element-6c91187 elementor-widget__width-initial elementor-hidden-mobile elementor-invisible elementor-widget elementor-widget-heading\" data-id=\"6c91187\" data-element_type=\"widget\" data-settings=\"{&quot;_animation&quot;:&quot;fadeInUp&quot;,&quot;ekit_we_effect_on&quot;:&quot;none&quot;}\" data-widget_type=\"heading.default\">\n\t\t\t\t<div class=\"elementor-widget-container\">\n\t\t\t\t\t<h2 class=\"elementor-heading-title elementor-size-default\">Serwis<\/h2>\t\t\t\t<\/div>\n\t\t\t\t<\/div>\n\t\t\t\t<div class=\"elementor-element elementor-element-212f247 elementor-widget elementor-widget-button\" data-id=\"212f247\" data-element_type=\"widget\" data-settings=\"{&quot;ekit_we_effect_on&quot;:&quot;none&quot;}\" data-widget_type=\"button.default\">\n\t\t\t\t<div class=\"elementor-widget-container\">\n\t\t\t\t\t\t\t\t\t<div class=\"elementor-button-wrapper\">\n\t\t\t\t\t<a class=\"elementor-button elementor-button-link elementor-size-sm\" href=\"#\">\n\t\t\t\t\t\t<span class=\"elementor-button-content-wrapper\">\n\t\t\t\t\t\t\t\t\t<span class=\"elementor-button-text\">KONTAKT<\/span>\n\t\t\t\t\t<\/span>\n\t\t\t\t\t<\/a>\n\t\t\t\t<\/div>\n\t\t\t\t\t\t\t\t<\/div>\n\t\t\t\t<\/div>\n\t\t\t\t<\/div>\n\t\t\t\t<\/div>\n\t\t<div class=\"elementor-element elementor-element-ea205cb e-flex e-con-boxed e-con e-parent\" data-id=\"ea205cb\" data-element_type=\"container\" data-settings=\"{&quot;background_background&quot;:&quot;classic&quot;,&quot;ekit_has_onepagescroll_dot&quot;:&quot;yes&quot;}\">\n\t\t\t\t\t<div class=\"e-con-inner\">\n\t\t<div class=\"elementor-element elementor-element-5426dfb e-con-full e-flex e-con e-child\" data-id=\"5426dfb\" data-element_type=\"container\" data-settings=\"{&quot;ekit_has_onepagescroll_dot&quot;:&quot;yes&quot;}\">\n\t\t\t\t<div class=\"elementor-element elementor-element-9d2f0c4 elementor-icon-list--layout-inline elementor-align-left elementor-mobile-align-left elementor-widget__width-initial elementor-list-item-link-full_width elementor-widget elementor-widget-icon-list\" data-id=\"9d2f0c4\" data-element_type=\"widget\" data-settings=\"{&quot;ekit_we_effect_on&quot;:&quot;none&quot;}\" data-widget_type=\"icon-list.default\">\n\t\t\t\t<div class=\"elementor-widget-container\">\n\t\t\t\t\t\t\t<ul class=\"elementor-icon-list-items elementor-inline-items\">\n\t\t\t\t\t\t\t<li class=\"elementor-icon-list-item elementor-inline-item\">\n\t\t\t\t\t\t\t\t\t\t\t<span class=\"elementor-icon-list-icon\">\n\t\t\t\t\t\t\t<svg aria-hidden=\"true\" class=\"e-font-icon-svg e-fas-arrow-right\" viewBox=\"0 0 448 512\" xmlns=\"http:\/\/www.w3.org\/2000\/svg\"><path d=\"M190.5 66.9l22.2-22.2c9.4-9.4 24.6-9.4 33.9 0L441 239c9.4 9.4 9.4 24.6 0 33.9L246.6 467.3c-9.4 9.4-24.6 9.4-33.9 0l-22.2-22.2c-9.5-9.5-9.3-25 .4-34.3L311.4 296H24c-13.3 0-24-10.7-24-24v-32c0-13.3 10.7-24 24-24h287.4L190.9 101.2c-9.8-9.3-10-24.8-.4-34.3z\"><\/path><\/svg>\t\t\t\t\t\t<\/span>\n\t\t\t\t\t\t\t\t\t\t<span class=\"elementor-icon-list-text\"><\/span>\n\t\t\t\t\t\t\t\t\t<\/li>\n\t\t\t\t\t\t<\/ul>\n\t\t\t\t\t\t<\/div>\n\t\t\t\t<\/div>\n\t\t\t\t<div class=\"elementor-element elementor-element-2d4775c elementor-widget__width-initial elementor-invisible elementor-widget elementor-widget-heading\" data-id=\"2d4775c\" data-element_type=\"widget\" data-settings=\"{&quot;_animation&quot;:&quot;fadeInUp&quot;,&quot;ekit_we_effect_on&quot;:&quot;none&quot;}\" data-widget_type=\"heading.default\">\n\t\t\t\t<div class=\"elementor-widget-container\">\n\t\t\t\t\t<h2 class=\"elementor-heading-title elementor-size-default\">Serwis maszyn \u2013 kompleksowa opieka od A do Z<\/h2>\t\t\t\t<\/div>\n\t\t\t\t<\/div>\n\t\t\t\t<\/div>\n\t\t\t\t\t<\/div>\n\t\t\t\t<\/div>\n\t\t<div class=\"elementor-element elementor-element-701caa4 e-flex e-con-boxed e-con e-parent\" data-id=\"701caa4\" data-element_type=\"container\" data-settings=\"{&quot;background_background&quot;:&quot;classic&quot;,&quot;ekit_has_onepagescroll_dot&quot;:&quot;yes&quot;}\">\n\t\t\t\t\t<div class=\"e-con-inner\">\n\t\t<div class=\"elementor-element elementor-element-2f18dc6 e-con-full e-flex e-con e-child\" data-id=\"2f18dc6\" data-element_type=\"container\" data-settings=\"{&quot;ekit_has_onepagescroll_dot&quot;:&quot;yes&quot;}\">\n\t\t\t\t<div class=\"elementor-element elementor-element-7acde77 elementor-widget__width-initial elementor-widget elementor-widget-text-editor\" data-id=\"7acde77\" data-element_type=\"widget\" data-settings=\"{&quot;ekit_we_effect_on&quot;:&quot;none&quot;}\" data-widget_type=\"text-editor.default\">\n\t\t\t\t<div class=\"elementor-widget-container\">\n\t\t\t\t\t\t\t\t\t<p data-start=\"163\" data-end=\"528\">W firmie <strong data-start=\"172\" data-end=\"187\">CHMIELI\u0143SKI<\/strong> doskonale rozumiemy, \u017ce w dzisiejszej produkcji <strong data-start=\"236\" data-end=\"299\">niezawodno\u015b\u0107, ci\u0105g\u0142o\u015b\u0107 dzia\u0142ania i szybka reakcja serwisowa<\/strong> to fundamenty sprawnego przedsi\u0119biorstwa. Dlatego stworzyli\u015bmy kompleksow\u0105 ofert\u0119 serwisow\u0105, kt\u00f3ra obejmuje ka\u017cdy etap \u017cycia maszyny \u2013 od instalacji, przez bie\u017c\u0105c\u0105 eksploatacj\u0119, a\u017c po wsparcie techniczne i pogwarancyjne naprawy.<\/p><p data-start=\"530\" data-end=\"816\">Naszym celem jest <strong data-start=\"548\" data-end=\"586\">maksymalne ograniczenie przestoj\u00f3w<\/strong>, optymalizacja wydajno\u015bci oraz zapewnienie bezpiecze\u0144stwa i komfortu u\u017cytkowania maszyn. Zesp\u00f3\u0142 wykwalifikowanych specjalist\u00f3w dba o to, by ka\u017cda interwencja by\u0142a szybka, skuteczna i zgodna z najwy\u017cszymi standardami technicznymi.<\/p><p data-start=\"818\" data-end=\"1078\">Wyr\u00f3\u017cnia nas <strong data-start=\"831\" data-end=\"860\">wieloletnie do\u015bwiadczenie<\/strong>, partnerskie podej\u015bcie do Klienta oraz \u015bcis\u0142a wsp\u00f3\u0142praca z producentami urz\u0105dze\u0144. Dzi\u0119ki temu jeste\u015bmy w stanie szybko diagnozowa\u0107 problemy, dostarcza\u0107 oryginalne cz\u0119\u015bci i wdra\u017ca\u0107 najnowsze rozwi\u0105zania technologiczne.<\/p><p data-start=\"1080\" data-end=\"1362\">Wspieramy naszych Klient\u00f3w nie tylko w sytuacjach awaryjnych \u2013 pomagamy r\u00f3wnie\u017c w planowaniu serwis\u00f3w, relokacjach, doradzamy w zakresie efektywnego wykorzystania maszyn i szkolimy operator\u00f3w. Z nami masz pewno\u015b\u0107, \u017ce Twoja linia produkcyjna dzia\u0142a na pe\u0142nych obrotach, ka\u017cdego dnia.<\/p>\t\t\t\t\t\t\t\t<\/div>\n\t\t\t\t<\/div>\n\t\t\t\t<\/div>\n\t\t<div class=\"elementor-element elementor-element-43bb755 e-con-full e-flex e-con e-child\" data-id=\"43bb755\" data-element_type=\"container\" data-settings=\"{&quot;ekit_has_onepagescroll_dot&quot;:&quot;yes&quot;}\">\n\t\t\t\t<div class=\"elementor-element elementor-element-e89692a elementor-widget__width-initial elementor-invisible elementor-widget elementor-widget-heading\" data-id=\"e89692a\" data-element_type=\"widget\" data-settings=\"{&quot;_animation&quot;:&quot;fadeInUp&quot;,&quot;ekit_we_effect_on&quot;:&quot;none&quot;}\" data-widget_type=\"heading.default\">\n\t\t\t\t<div class=\"elementor-widget-container\">\n\t\t\t\t\t<h2 class=\"elementor-heading-title elementor-size-default\">Serwis gwarancyjny i pogwarancyjny<\/h2>\t\t\t\t<\/div>\n\t\t\t\t<\/div>\n\t\t\t\t<div class=\"elementor-element elementor-element-f3e2f0b elementor-widget__width-initial elementor-widget elementor-widget-text-editor\" data-id=\"f3e2f0b\" data-element_type=\"widget\" data-settings=\"{&quot;ekit_we_effect_on&quot;:&quot;none&quot;}\" data-widget_type=\"text-editor.default\">\n\t\t\t\t<div class=\"elementor-widget-container\">\n\t\t\t\t\t\t\t\t\t<p>Zapewniamy profesjonalny serwis gwarancyjny i pogwarancyjny wszystkich maszyn dost\u0119pnych w naszej ofercie. Obs\u0142ugujemy urz\u0105dzenia producent\u00f3w, z kt\u00f3rymi \u015bci\u015ble wsp\u00f3\u0142pracujemy.<\/p><p><strong>Dlaczego warto nam zaufa\u0107?<\/strong><\/p><ul><li data-start=\"805\" data-end=\"846\">Do\u015bwiadczony zesp\u00f3\u0142 technik\u00f3w serwisowych<\/li><li data-start=\"805\" data-end=\"846\">Regularne szkolenia u producent\u00f3w<\/li><li data-start=\"805\" data-end=\"846\">Certyfikowane kompetencje<\/li><li data-start=\"805\" data-end=\"846\">Skuteczne diagnozowanie i rozwi\u0105zywanie usterek<\/li><li data-start=\"805\" data-end=\"846\">Wsparcie telefoniczne przy drobnych naprawach<\/li><li style=\"list-style-type: none;\">\u00a0<\/li><\/ul>\t\t\t\t\t\t\t\t<\/div>\n\t\t\t\t<\/div>\n\t\t\t\t<\/div>\n\t\t<div class=\"elementor-element elementor-element-dd65353 e-con-full e-flex e-con e-child\" data-id=\"dd65353\" data-element_type=\"container\" data-settings=\"{&quot;ekit_has_onepagescroll_dot&quot;:&quot;yes&quot;}\">\n\t\t\t\t<div class=\"elementor-element elementor-element-9debbae elementor-widget__width-initial elementor-invisible elementor-widget elementor-widget-heading\" data-id=\"9debbae\" data-element_type=\"widget\" data-settings=\"{&quot;_animation&quot;:&quot;fadeInUp&quot;,&quot;ekit_we_effect_on&quot;:&quot;none&quot;}\" data-widget_type=\"heading.default\">\n\t\t\t\t<div class=\"elementor-widget-container\">\n\t\t\t\t\t<h2 class=\"elementor-heading-title elementor-size-default\">Cz\u0119\u015bci zamienne \u2013 zawsze pod r\u0119k\u0105<\/h2>\t\t\t\t<\/div>\n\t\t\t\t<\/div>\n\t\t\t\t<div class=\"elementor-element elementor-element-6f82685 elementor-widget__width-initial elementor-widget elementor-widget-text-editor\" data-id=\"6f82685\" data-element_type=\"widget\" data-settings=\"{&quot;ekit_we_effect_on&quot;:&quot;none&quot;}\" data-widget_type=\"text-editor.default\">\n\t\t\t\t<div class=\"elementor-widget-container\">\n\t\t\t\t\t\t\t\t\t<p data-start=\"1315\" data-end=\"1342\"><strong data-start=\"1317\" data-end=\"1342\">Korzy\u015bci dla Klienta:<\/strong><\/p><ul><li style=\"list-style-type: none;\"><ul data-start=\"1343\" data-end=\"1537\"><li data-start=\"1343\" data-end=\"1396\"><p data-start=\"1345\" data-end=\"1396\">Sta\u0142a dost\u0119pno\u015b\u0107 najcz\u0119\u015bciej wymienianych element\u00f3w<\/p><\/li><li data-start=\"1397\" data-end=\"1453\"><p data-start=\"1399\" data-end=\"1453\">Mo\u017cliwo\u015b\u0107 b\u0142yskawicznego zam\u00f3wienia nietypowych cz\u0119\u015bci<\/p><\/li><li data-start=\"1454\" data-end=\"1482\"><p data-start=\"1456\" data-end=\"1482\">Kr\u00f3tkie terminy realizacji<\/p><\/li><li data-start=\"1483\" data-end=\"1513\"><p data-start=\"1485\" data-end=\"1513\">Gwarancja na nowe komponenty<\/p><\/li><li data-start=\"1514\" data-end=\"1537\"><p data-start=\"1516\" data-end=\"1537\">Przejrzysto\u015b\u0107 koszt\u00f3w<\/p><\/li><\/ul><\/li><\/ul>\t\t\t\t\t\t\t\t<\/div>\n\t\t\t\t<\/div>\n\t\t\t\t<\/div>\n\t\t<div class=\"elementor-element elementor-element-7597ecb e-con-full e-flex e-con e-child\" data-id=\"7597ecb\" data-element_type=\"container\" data-settings=\"{&quot;ekit_has_onepagescroll_dot&quot;:&quot;yes&quot;}\">\n\t\t\t\t<div class=\"elementor-element elementor-element-9e91efd elementor-widget__width-initial elementor-invisible elementor-widget elementor-widget-heading\" data-id=\"9e91efd\" data-element_type=\"widget\" data-settings=\"{&quot;_animation&quot;:&quot;fadeInUp&quot;,&quot;ekit_we_effect_on&quot;:&quot;none&quot;}\" data-widget_type=\"heading.default\">\n\t\t\t\t<div class=\"elementor-widget-container\">\n\t\t\t\t\t<h2 class=\"elementor-heading-title elementor-size-default\">Relokacja i monta\u017c maszyn<\/h2>\t\t\t\t<\/div>\n\t\t\t\t<\/div>\n\t\t\t\t<div class=\"elementor-element elementor-element-843c76d elementor-widget__width-initial elementor-widget elementor-widget-text-editor\" data-id=\"843c76d\" data-element_type=\"widget\" data-settings=\"{&quot;ekit_we_effect_on&quot;:&quot;none&quot;}\" data-widget_type=\"text-editor.default\">\n\t\t\t\t<div class=\"elementor-widget-container\">\n\t\t\t\t\t\t\t\t\t<p data-start=\"2010\" data-end=\"2093\">Zmiana lokalizacji? Nowa hala? Zajmiemy si\u0119 <strong data-start=\"2054\" data-end=\"2092\">kompleksowym przeniesieniem maszyn<\/strong>:<\/p><p data-start=\"2095\" data-end=\"2116\"><strong data-start=\"2098\" data-end=\"2116\">Zakres us\u0142ugi:<\/strong><\/p><ul data-start=\"2117\" data-end=\"2244\"><li data-start=\"2117\" data-end=\"2141\"><p data-start=\"2119\" data-end=\"2141\">Transport i roz\u0142adunek<\/p><\/li><li data-start=\"2142\" data-end=\"2171\"><p data-start=\"2144\" data-end=\"2171\">Posadowienie i poziomowanie<\/p><\/li><li data-start=\"2172\" data-end=\"2200\"><p data-start=\"2174\" data-end=\"2200\">Pod\u0142\u0105czenie i uruchomienie<\/p><\/li><li data-start=\"2201\" data-end=\"2244\"><p data-start=\"2203\" data-end=\"2244\">Ponowna relokacja, je\u015bli zajdzie potrzeba<\/p><\/li><\/ul><p data-start=\"2246\" data-end=\"2346\">Zawsze dostosowujemy ofert\u0119 do Twoich mo\u017cliwo\u015bci i oczekiwa\u0144. Mo\u017cesz na nas liczy\u0107 na ka\u017cdym etapie.<\/p>\t\t\t\t\t\t\t\t<\/div>\n\t\t\t\t<\/div>\n\t\t\t\t<\/div>\n\t\t<div class=\"elementor-element elementor-element-c108279 e-con-full e-flex e-con e-child\" data-id=\"c108279\" data-element_type=\"container\" data-settings=\"{&quot;ekit_has_onepagescroll_dot&quot;:&quot;yes&quot;}\">\n\t\t\t\t<div class=\"elementor-element elementor-element-da8a0bf elementor-widget__width-initial elementor-invisible elementor-widget elementor-widget-heading\" data-id=\"da8a0bf\" data-element_type=\"widget\" data-settings=\"{&quot;_animation&quot;:&quot;fadeInUp&quot;,&quot;ekit_we_effect_on&quot;:&quot;none&quot;}\" data-widget_type=\"heading.default\">\n\t\t\t\t<div class=\"elementor-widget-container\">\n\t\t\t\t\t<h2 class=\"elementor-heading-title elementor-size-default\">Wsparcie techniczne i doradztwo<\/h2>\t\t\t\t<\/div>\n\t\t\t\t<\/div>\n\t\t\t\t<div class=\"elementor-element elementor-element-b71a855 elementor-widget__width-initial elementor-widget elementor-widget-text-editor\" data-id=\"b71a855\" data-element_type=\"widget\" data-settings=\"{&quot;ekit_we_effect_on&quot;:&quot;none&quot;}\" data-widget_type=\"text-editor.default\">\n\t\t\t\t<div class=\"elementor-widget-container\">\n\t\t\t\t\t\t\t\t\t<p data-start=\"2389\" data-end=\"2531\">Nasza wsp\u00f3\u0142praca nie ko\u0144czy si\u0119 na sprzeda\u017cy. Oferujemy <strong data-start=\"2445\" data-end=\"2469\">doradztwo techniczne<\/strong> w zakresie eksploatacji i optymalizacji wykorzystania maszyn.<\/p><p data-start=\"2533\" data-end=\"2549\"><strong data-start=\"2536\" data-end=\"2549\">Pomagamy:<\/strong><\/p><ul data-start=\"2550\" data-end=\"2743\"><li data-start=\"2550\" data-end=\"2603\"><p data-start=\"2552\" data-end=\"2603\">Dobiera\u0107 narz\u0119dzia i akcesoria do konkretnych zada\u0144<\/p><\/li><li data-start=\"2604\" data-end=\"2639\"><p data-start=\"2606\" data-end=\"2639\">Optymalizowa\u0107 procesy produkcyjne<\/p><\/li><li data-start=\"2640\" data-end=\"2695\"><p data-start=\"2642\" data-end=\"2695\">Szkoli\u0107 operator\u00f3w w praktycznym wykorzystaniu maszyn<\/p><\/li><li data-start=\"2696\" data-end=\"2743\"><p data-start=\"2698\" data-end=\"2743\">Rozwi\u0105zywa\u0107 nietypowe problemy technologiczne<\/p><\/li><\/ul><p data-start=\"2745\" data-end=\"2827\">Dzi\u0119ki do\u015bwiadczeniu naszego zespo\u0142u zyskujesz realne wsparcie w codziennej pracy.<\/p>\t\t\t\t\t\t\t\t<\/div>\n\t\t\t\t<\/div>\n\t\t\t\t<\/div>\n\t\t\t\t\t<\/div>\n\t\t\t\t<\/div>\n\t\t\t\t<\/div>\n\t\t","protected":false},"excerpt":{"rendered":"<p>zagnij wszystkich Serwis Serwis KONTAKT Serwis maszyn \u2013 kompleksowa opieka od A do Z W firmie CHMIELI\u0143SKI doskonale rozumiemy, \u017ce [&hellip;]<\/p>\n","protected":false},"author":1,"featured_media":0,"parent":0,"menu_order":0,"comment_status":"closed","ping_status":"closed","template":"","meta":{"site-sidebar-layout":"no-sidebar","site-content-layout":"","ast-site-content-layout":"full-width-container","site-content-style":"default","site-sidebar-style":"default","ast-global-header-display":"disabled","ast-banner-title-visibility":"disabled","ast-main-header-display":"","ast-hfb-above-header-display":"","ast-hfb-below-header-display":"","ast-hfb-mobile-header-display":"","site-post-title":"disabled","ast-breadcrumbs-content":"","ast-featured-img":"disabled","footer-sml-layout":"disabled","theme-transparent-header-meta":"","adv-header-id-meta":"","stick-header-meta":"","header-above-stick-meta":"","header-main-stick-meta":"","header-below-stick-meta":"","astra-migrate-meta-layouts":"default","ast-page-background-enabled":"default","ast-page-background-meta":{"desktop":{"background-color":"var(--ast-global-color-5)","background-image":"","background-repeat":"repeat","background-position":"center center","background-size":"auto","background-attachment":"scroll","background-type":"","background-media":"","overlay-type":"","overlay-color":"","overlay-opacity":"","overlay-gradient":""},"tablet":{"background-color":"","background-image":"","background-repeat":"repeat","background-position":"center center","background-size":"auto","background-attachment":"scroll","background-type":"","background-media":"","overlay-type":"","overlay-color":"","overlay-opacity":"","overlay-gradient":""},"mobile":{"background-color":"","background-image":"","background-repeat":"repeat","background-position":"center center","background-size":"auto","background-attachment":"scroll","background-type":"","background-media":"","overlay-type":"","overlay-color":"","overlay-opacity":"","overlay-gradient":""}},"ast-content-background-meta":{"desktop":{"background-color":"var(--ast-global-color-4)","background-image":"","background-repeat":"repeat","background-position":"center center","background-size":"auto","background-attachment":"scroll","background-type":"","background-media":"","overlay-type":"","overlay-color":"","overlay-opacity":"","overlay-gradient":""},"tablet":{"background-color":"var(--ast-global-color-4)","background-image":"","background-repeat":"repeat","background-position":"center center","background-size":"auto","background-attachment":"scroll","background-type":"","background-media":"","overlay-type":"","overlay-color":"","overlay-opacity":"","overlay-gradient":""},"mobile":{"background-color":"var(--ast-global-color-4)","background-image":"","background-repeat":"repeat","background-position":"center center","background-size":"auto","background-attachment":"scroll","background-type":"","background-media":"","overlay-type":"","overlay-color":"","overlay-opacity":"","overlay-gradient":""}},"footnotes":""},"class_list":["post-3427","page","type-page","status-publish","hentry"],"_links":{"self":[{"href":"https:\/\/maszyny.skyweb.com.pl\/index.php?rest_route=\/wp\/v2\/pages\/3427","targetHints":{"allow":["GET"]}}],"collection":[{"href":"https:\/\/maszyny.skyweb.com.pl\/index.php?rest_route=\/wp\/v2\/pages"}],"about":[{"href":"https:\/\/maszyny.skyweb.com.pl\/index.php?rest_route=\/wp\/v2\/types\/page"}],"author":[{"embeddable":true,"href":"https:\/\/maszyny.skyweb.com.pl\/index.php?rest_route=\/wp\/v2\/users\/1"}],"replies":[{"embeddable":true,"href":"https:\/\/maszyny.skyweb.com.pl\/index.php?rest_route=%2Fwp%2Fv2%2Fcomments&post=3427"}],"version-history":[{"count":28,"href":"https:\/\/maszyny.skyweb.com.pl\/index.php?rest_route=\/wp\/v2\/pages\/3427\/revisions"}],"predecessor-version":[{"id":3816,"href":"https:\/\/maszyny.skyweb.com.pl\/index.php?rest_route=\/wp\/v2\/pages\/3427\/revisions\/3816"}],"wp:attachment":[{"href":"https:\/\/maszyny.skyweb.com.pl\/index.php?rest_route=%2Fwp%2Fv2%2Fmedia&parent=3427"}],"curies":[{"name":"wp","href":"https:\/\/api.w.org\/{rel}","templated":true}]}}