{"id":3422,"date":"2025-05-26T12:13:40","date_gmt":"2025-05-26T10:13:40","guid":{"rendered":"https:\/\/maszyny.skyweb.com.pl\/?page_id=3422"},"modified":"2025-06-03T16:56:19","modified_gmt":"2025-06-03T14:56:19","slug":"o-nas","status":"publish","type":"page","link":"https:\/\/maszyny.skyweb.com.pl\/?page_id=3422","title":{"rendered":"O nas"},"content":{"rendered":"\t\t<div data-elementor-type=\"wp-page\" data-elementor-id=\"3422\" class=\"elementor elementor-3422\" data-elementor-post-type=\"page\">\n\t\t\t\t<div class=\"elementor-element elementor-element-e006c72 e-con-full e-flex e-con e-parent\" data-id=\"e006c72\" data-element_type=\"container\" data-settings=\"{&quot;background_background&quot;:&quot;slideshow&quot;,&quot;background_slideshow_gallery&quot;:[{&quot;id&quot;:1815,&quot;url&quot;:&quot;https:\\\/\\\/maszyny.skyweb.com.pl\\\/wp-content\\\/uploads\\\/2025\\\/03\\\/slider_5.jpg&quot;},{&quot;id&quot;:1819,&quot;url&quot;:&quot;https:\\\/\\\/maszyny.skyweb.com.pl\\\/wp-content\\\/uploads\\\/2025\\\/03\\\/slider_6.jpg&quot;}],&quot;background_slideshow_slide_transition&quot;:&quot;slide_right&quot;,&quot;background_slideshow_lazyload&quot;:&quot;yes&quot;,&quot;background_slideshow_ken_burns&quot;:&quot;yes&quot;,&quot;background_slideshow_loop&quot;:&quot;yes&quot;,&quot;background_slideshow_slide_duration&quot;:5000,&quot;background_slideshow_transition_duration&quot;:500,&quot;background_slideshow_ken_burns_zoom_direction&quot;:&quot;in&quot;,&quot;ekit_has_onepagescroll_dot&quot;:&quot;yes&quot;}\">\n\t\t<div class=\"elementor-element elementor-element-dbba4d7 e-con-full e-flex e-con e-child\" data-id=\"dbba4d7\" data-element_type=\"container\" data-settings=\"{&quot;ekit_has_onepagescroll_dot&quot;:&quot;yes&quot;}\">\n\t\t<div class=\"elementor-element elementor-element-20bdc84 e-con-full e-flex elementor-invisible e-con e-child\" data-id=\"20bdc84\" data-element_type=\"container\" data-settings=\"{&quot;animation&quot;:&quot;fadeInRight&quot;,&quot;ekit_has_onepagescroll_dot&quot;:&quot;yes&quot;}\">\n\t\t\t\t<div class=\"elementor-element elementor-element-ffdd588 elementor-icon-list--layout-inline elementor-align-left elementor-mobile-align-left elementor-widget__width-initial elementor-list-item-link-full_width elementor-widget elementor-widget-icon-list\" data-id=\"ffdd588\" data-element_type=\"widget\" data-settings=\"{&quot;ekit_we_effect_on&quot;:&quot;none&quot;}\" data-widget_type=\"icon-list.default\">\n\t\t\t\t<div class=\"elementor-widget-container\">\n\t\t\t\t\t\t\t<ul class=\"elementor-icon-list-items elementor-inline-items\">\n\t\t\t\t\t\t\t<li class=\"elementor-icon-list-item elementor-inline-item\">\n\t\t\t\t\t\t\t\t\t\t\t<span class=\"elementor-icon-list-icon\">\n\t\t\t\t\t\t\t<svg aria-hidden=\"true\" class=\"e-font-icon-svg e-fas-arrow-right\" viewBox=\"0 0 448 512\" xmlns=\"http:\/\/www.w3.org\/2000\/svg\"><path d=\"M190.5 66.9l22.2-22.2c9.4-9.4 24.6-9.4 33.9 0L441 239c9.4 9.4 9.4 24.6 0 33.9L246.6 467.3c-9.4 9.4-24.6 9.4-33.9 0l-22.2-22.2c-9.5-9.5-9.3-25 .4-34.3L311.4 296H24c-13.3 0-24-10.7-24-24v-32c0-13.3 10.7-24 24-24h287.4L190.9 101.2c-9.8-9.3-10-24.8-.4-34.3z\"><\/path><\/svg>\t\t\t\t\t\t<\/span>\n\t\t\t\t\t\t\t\t\t\t<span class=\"elementor-icon-list-text\"><\/span>\n\t\t\t\t\t\t\t\t\t<\/li>\n\t\t\t\t\t\t<\/ul>\n\t\t\t\t\t\t<\/div>\n\t\t\t\t<\/div>\n\t\t\t\t<div class=\"elementor-element elementor-element-99ead48 elementor-widget-mobile__width-initial elementor-widget elementor-widget-heading\" data-id=\"99ead48\" data-element_type=\"widget\" data-settings=\"{&quot;ekit_we_effect_on&quot;:&quot;none&quot;}\" data-widget_type=\"heading.default\">\n\t\t\t\t<div class=\"elementor-widget-container\">\n\t\t\t\t\t<h2 class=\"elementor-heading-title elementor-size-default\">zagnij wszystkich<\/h2>\t\t\t\t<\/div>\n\t\t\t\t<\/div>\n\t\t\t\t<\/div>\n\t\t\t\t<div class=\"elementor-element elementor-element-751ee19 elementor-widget__width-initial elementor-hidden-desktop elementor-hidden-tablet elementor-widget elementor-widget-heading\" data-id=\"751ee19\" data-element_type=\"widget\" data-settings=\"{&quot;ekit_we_effect_on&quot;:&quot;none&quot;}\" data-widget_type=\"heading.default\">\n\t\t\t\t<div class=\"elementor-widget-container\">\n\t\t\t\t\t<h2 class=\"elementor-heading-title elementor-size-default\">O nas<\/h2>\t\t\t\t<\/div>\n\t\t\t\t<\/div>\n\t\t\t\t<div class=\"elementor-element elementor-element-6c91187 elementor-widget__width-initial elementor-hidden-mobile elementor-invisible elementor-widget elementor-widget-heading\" data-id=\"6c91187\" data-element_type=\"widget\" data-settings=\"{&quot;_animation&quot;:&quot;fadeInUp&quot;,&quot;ekit_we_effect_on&quot;:&quot;none&quot;}\" data-widget_type=\"heading.default\">\n\t\t\t\t<div class=\"elementor-widget-container\">\n\t\t\t\t\t<h2 class=\"elementor-heading-title elementor-size-default\">O nas<\/h2>\t\t\t\t<\/div>\n\t\t\t\t<\/div>\n\t\t\t\t<div class=\"elementor-element elementor-element-212f247 elementor-widget elementor-widget-button\" data-id=\"212f247\" data-element_type=\"widget\" data-settings=\"{&quot;ekit_we_effect_on&quot;:&quot;none&quot;}\" data-widget_type=\"button.default\">\n\t\t\t\t<div class=\"elementor-widget-container\">\n\t\t\t\t\t\t\t\t\t<div class=\"elementor-button-wrapper\">\n\t\t\t\t\t<a class=\"elementor-button elementor-button-link elementor-size-sm\" href=\"#\">\n\t\t\t\t\t\t<span class=\"elementor-button-content-wrapper\">\n\t\t\t\t\t\t\t\t\t<span class=\"elementor-button-text\">KONTAKT<\/span>\n\t\t\t\t\t<\/span>\n\t\t\t\t\t<\/a>\n\t\t\t\t<\/div>\n\t\t\t\t\t\t\t\t<\/div>\n\t\t\t\t<\/div>\n\t\t\t\t<\/div>\n\t\t\t\t<\/div>\n\t\t<div class=\"elementor-element elementor-element-701caa4 e-flex e-con-boxed e-con e-parent\" data-id=\"701caa4\" data-element_type=\"container\" data-settings=\"{&quot;background_background&quot;:&quot;classic&quot;,&quot;ekit_has_onepagescroll_dot&quot;:&quot;yes&quot;}\">\n\t\t\t\t\t<div class=\"e-con-inner\">\n\t\t<div class=\"elementor-element elementor-element-2f18dc6 e-con-full e-flex e-con e-child\" data-id=\"2f18dc6\" data-element_type=\"container\" data-settings=\"{&quot;ekit_has_onepagescroll_dot&quot;:&quot;yes&quot;}\">\n\t\t\t\t<div class=\"elementor-element elementor-element-7acde77 elementor-widget__width-initial elementor-widget elementor-widget-text-editor\" data-id=\"7acde77\" data-element_type=\"widget\" data-settings=\"{&quot;ekit_we_effect_on&quot;:&quot;none&quot;}\" data-widget_type=\"text-editor.default\">\n\t\t\t\t<div class=\"elementor-widget-container\">\n\t\t\t\t\t\t\t\t\t<p><strong>Firma CHMIELI\u0143SKI<\/strong> to przedsi\u0119biorstwo rodzinne zajmuj\u0105ce si\u0119 od&nbsp; 25 lat handlem maszyn takich firm jak Schr\u00f6der Group, Prinzing, Hornung, ACF, Leifeld, Mobitec, HWJ oraz FLOW. Nasze wieloletnie do\u015bwiadczenie zaowocowa\u0142o bardzo dobrym rozeznaniem w producentach maszyn na rynkach zagranicznych. W zwi\u0105zku z tym wsp\u00f3\u0142pracujemy wy\u0142\u0105cznie z renomowanymi partnerami, kt\u00f3rych profesjonalizm przek\u0142ada si\u0119 na wysok\u0105, jako\u015b\u0107 produkt\u00f3w. Nasi partnerzy posiadaj\u0105 wysok\u0105 pozycj\u0119 na rynku i co si\u0119 z tym wi\u0105\u017ce doskona\u0142\u0105, jako\u015b\u0107 obrabiarek.<\/p>\n<p>Obecnie reprezentujemy wy\u0142\u0105cznie wiod\u0105ce firmy takie jak <b>Erbend Makine, Evobend, WF<\/b>.<\/p>\n<p>Zapewniamy r\u00f3wnie\u017c obs\u0142ug\u0119 klient\u00f3w w zakresie transportu, monta\u017cu, uruchamianie maszyn, doradztwo techniczne, serwis gwarancyjny i pogwarancyjny.<\/p>\t\t\t\t\t\t\t\t<\/div>\n\t\t\t\t<\/div>\n\t\t\t\t<\/div>\n\t\t<div class=\"elementor-element elementor-element-43bb755 e-con-full e-flex e-con e-child\" data-id=\"43bb755\" data-element_type=\"container\" data-settings=\"{&quot;ekit_has_onepagescroll_dot&quot;:&quot;yes&quot;}\">\n\t\t\t\t<div class=\"elementor-element elementor-element-e89692a elementor-widget__width-initial elementor-invisible elementor-widget elementor-widget-heading\" data-id=\"e89692a\" data-element_type=\"widget\" data-settings=\"{&quot;_animation&quot;:&quot;fadeInUp&quot;,&quot;ekit_we_effect_on&quot;:&quot;none&quot;}\" data-widget_type=\"heading.default\">\n\t\t\t\t<div class=\"elementor-widget-container\">\n\t\t\t\t\t<h2 class=\"elementor-heading-title elementor-size-default\">Do\u015bwiadczenie i wiedza<\/h2>\t\t\t\t<\/div>\n\t\t\t\t<\/div>\n\t\t\t\t<div class=\"elementor-element elementor-element-f3e2f0b elementor-widget__width-initial elementor-widget elementor-widget-text-editor\" data-id=\"f3e2f0b\" data-element_type=\"widget\" data-settings=\"{&quot;ekit_we_effect_on&quot;:&quot;none&quot;}\" data-widget_type=\"text-editor.default\">\n\t\t\t\t<div class=\"elementor-widget-container\">\n\t\t\t\t\t\t\t\t\t<ul><li>Wieloletnie do\u015bwiadczenie<\/li><li>Sta\u0142y, bie\u017c\u0105cy kontakt z producentami maszyn<\/li><li>Szeroka oferta umo\u017cliwiaj\u0105ca dob\u00f3r maszyny do konkretnych potrzeb klienta<\/li><li>Systematyczne szkolenia<\/li><li>Wypracowane procedury wsp\u00f3\u0142pracy z klientami u\u0142atwiaj\u0105ce pomoc w doborze odpowiedniej maszyny i sprawne przeprowadzenie ca\u0142ego procesu inwestycyjnego<\/li><li>Wieloletnia, bezpo\u015brednia wsp\u00f3\u0142praca z producentami maszyn, owocuj\u0105ca praktyczn\u0105 znajomo\u015bci\u0105 maszyn, technologii i wiedz\u0105 dotycz\u0105c\u0105 mo\u017cliwo\u015bci zastosowa\u0144 i technologii na potrzeby Klient\u00f3w<\/li><li>Zapewnienie serwisu gwarancyjnego i pogwarancyjnego<\/li><li>\u0141atwy i szybki dost\u0119p do cz\u0119\u015bci zamiennych i materia\u0142\u00f3w eksploatacyjnych.<\/li><\/ul>\t\t\t\t\t\t\t\t<\/div>\n\t\t\t\t<\/div>\n\t\t\t\t<\/div>\n\t\t<div class=\"elementor-element elementor-element-dd65353 e-con-full e-flex e-con e-child\" data-id=\"dd65353\" data-element_type=\"container\" data-settings=\"{&quot;ekit_has_onepagescroll_dot&quot;:&quot;yes&quot;}\">\n\t\t\t\t<div class=\"elementor-element elementor-element-9debbae elementor-widget__width-initial elementor-invisible elementor-widget elementor-widget-heading\" data-id=\"9debbae\" data-element_type=\"widget\" data-settings=\"{&quot;_animation&quot;:&quot;fadeInUp&quot;,&quot;ekit_we_effect_on&quot;:&quot;none&quot;}\" data-widget_type=\"heading.default\">\n\t\t\t\t<div class=\"elementor-widget-container\">\n\t\t\t\t\t<h2 class=\"elementor-heading-title elementor-size-default\">Podej\u015bcie do klient\u00f3w i jako\u015b\u0107 us\u0142ug<\/h2>\t\t\t\t<\/div>\n\t\t\t\t<\/div>\n\t\t\t\t<div class=\"elementor-element elementor-element-6f82685 elementor-widget__width-initial elementor-widget elementor-widget-text-editor\" data-id=\"6f82685\" data-element_type=\"widget\" data-settings=\"{&quot;ekit_we_effect_on&quot;:&quot;none&quot;}\" data-widget_type=\"text-editor.default\">\n\t\t\t\t<div class=\"elementor-widget-container\">\n\t\t\t\t\t\t\t\t\t<ul><li>Dobre relacje z producentami umo\u017cliwiaj\u0105 nam elastyczne podej\u015bcie do potrzeb klient\u00f3w<\/li><li>Kompleksowo\u015b\u0107 \u015bwiadczonych us\u0142ug<\/li><li>Wysoka kultura w relacjach z klientami<\/li><\/ul>\t\t\t\t\t\t\t\t<\/div>\n\t\t\t\t<\/div>\n\t\t\t\t<\/div>\n\t\t\t\t\t<\/div>\n\t\t\t\t<\/div>\n\t\t\t\t<\/div>\n\t\t","protected":false},"excerpt":{"rendered":"<p>zagnij wszystkich O nas O nas KONTAKT Firma CHMIELI\u0143SKI to przedsi\u0119biorstwo rodzinne zajmuj\u0105ce si\u0119 od&nbsp; 25 lat handlem maszyn takich [&hellip;]<\/p>\n","protected":false},"author":1,"featured_media":0,"parent":0,"menu_order":0,"comment_status":"closed","ping_status":"closed","template":"","meta":{"site-sidebar-layout":"no-sidebar","site-content-layout":"","ast-site-content-layout":"full-width-container","site-content-style":"default","site-sidebar-style":"default","ast-global-header-display":"disabled","ast-banner-title-visibility":"disabled","ast-main-header-display":"","ast-hfb-above-header-display":"","ast-hfb-below-header-display":"","ast-hfb-mobile-header-display":"","site-post-title":"disabled","ast-breadcrumbs-content":"","ast-featured-img":"disabled","footer-sml-layout":"disabled","theme-transparent-header-meta":"","adv-header-id-meta":"","stick-header-meta":"","header-above-stick-meta":"","header-main-stick-meta":"","header-below-stick-meta":"","astra-migrate-meta-layouts":"default","ast-page-background-enabled":"default","ast-page-background-meta":{"desktop":{"background-color":"var(--ast-global-color-5)","background-image":"","background-repeat":"repeat","background-position":"center center","background-size":"auto","background-attachment":"scroll","background-type":"","background-media":"","overlay-type":"","overlay-color":"","overlay-opacity":"","overlay-gradient":""},"tablet":{"background-color":"","background-image":"","background-repeat":"repeat","background-position":"center center","background-size":"auto","background-attachment":"scroll","background-type":"","background-media":"","overlay-type":"","overlay-color":"","overlay-opacity":"","overlay-gradient":""},"mobile":{"background-color":"","background-image":"","background-repeat":"repeat","background-position":"center center","background-size":"auto","background-attachment":"scroll","background-type":"","background-media":"","overlay-type":"","overlay-color":"","overlay-opacity":"","overlay-gradient":""}},"ast-content-background-meta":{"desktop":{"background-color":"var(--ast-global-color-4)","background-image":"","background-repeat":"repeat","background-position":"center center","background-size":"auto","background-attachment":"scroll","background-type":"","background-media":"","overlay-type":"","overlay-color":"","overlay-opacity":"","overlay-gradient":""},"tablet":{"background-color":"var(--ast-global-color-4)","background-image":"","background-repeat":"repeat","background-position":"center center","background-size":"auto","background-attachment":"scroll","background-type":"","background-media":"","overlay-type":"","overlay-color":"","overlay-opacity":"","overlay-gradient":""},"mobile":{"background-color":"var(--ast-global-color-4)","background-image":"","background-repeat":"repeat","background-position":"center center","background-size":"auto","background-attachment":"scroll","background-type":"","background-media":"","overlay-type":"","overlay-color":"","overlay-opacity":"","overlay-gradient":""}},"footnotes":""},"class_list":["post-3422","page","type-page","status-publish","hentry"],"_links":{"self":[{"href":"https:\/\/maszyny.skyweb.com.pl\/index.php?rest_route=\/wp\/v2\/pages\/3422","targetHints":{"allow":["GET"]}}],"collection":[{"href":"https:\/\/maszyny.skyweb.com.pl\/index.php?rest_route=\/wp\/v2\/pages"}],"about":[{"href":"https:\/\/maszyny.skyweb.com.pl\/index.php?rest_route=\/wp\/v2\/types\/page"}],"author":[{"embeddable":true,"href":"https:\/\/maszyny.skyweb.com.pl\/index.php?rest_route=\/wp\/v2\/users\/1"}],"replies":[{"embeddable":true,"href":"https:\/\/maszyny.skyweb.com.pl\/index.php?rest_route=%2Fwp%2Fv2%2Fcomments&post=3422"}],"version-history":[{"count":10,"href":"https:\/\/maszyny.skyweb.com.pl\/index.php?rest_route=\/wp\/v2\/pages\/3422\/revisions"}],"predecessor-version":[{"id":3819,"href":"https:\/\/maszyny.skyweb.com.pl\/index.php?rest_route=\/wp\/v2\/pages\/3422\/revisions\/3819"}],"wp:attachment":[{"href":"https:\/\/maszyny.skyweb.com.pl\/index.php?rest_route=%2Fwp%2Fv2%2Fmedia&parent=3422"}],"curies":[{"name":"wp","href":"https:\/\/api.w.org\/{rel}","templated":true}]}}